{"id":2584,"date":"2023-06-15T07:34:14","date_gmt":"2023-06-15T03:34:14","guid":{"rendered":"https:\/\/www.villa-manaaki.com\/einkaufswagen\/"},"modified":"2024-06-10T18:19:35","modified_gmt":"2024-06-10T14:19:35","slug":"einkaufswagen","status":"publish","type":"page","link":"https:\/\/www.villa-manaaki.com\/de\/einkaufswagen\/","title":{"rendered":"Einkaufswagen"},"content":{"rendered":"<p>[et_pb_section fb_built=&#8220;1&#8243; _builder_version=&#8220;4.16&#8243; global_colors_info=&#8220;{}&#8220;][et_pb_row _builder_version=&#8220;4.20.2&#8243; _module_preset=&#8220;default&#8220; max_width=&#8220;80%&#8220; hover_enabled=&#8220;0&#8243; sticky_enabled=&#8220;0&#8243;][et_pb_column _builder_version=&#8220;4.20.2&#8243; _module_preset=&#8220;default&#8220; type=&#8220;4_4&#8243;][et_pb_post_title meta=&#8220;off&#8220; featured_image=&#8220;off&#8220; _builder_version=&#8220;4.20.2&#8243; hover_enabled=&#8220;0&#8243; global_colors_info=&#8220;{}&#8220; title_font=&#8220;Ubuntu||||||||&#8220; title_font_size=&#8220;59px&#8220; title_text_color=&#8220;#97D700&#8243; title_text_align=&#8220;center&#8220; title_text=&#8220;fond titre&#8220; background_image=&#8220;https:\/\/www.villa-manaaki.com\/wp-content\/uploads\/2023\/06\/fond-titre.webp&#8220; background_size=&#8220;contain&#8220; use_background_color_gradient=&#8220;on&#8220; background_color_gradient_stops=&#8220;rgba(255,255,255,0.59) 0%|rgba(255,255,255,0.59) 100%&#8220; background_color_gradient_overlays_image=&#8220;on&#8220; sticky_enabled=&#8220;0&#8243;][\/et_pb_post_title][\/et_pb_column][\/et_pb_row][et_pb_row _builder_version=&#8220;4.20.2&#8243; background_size=&#8220;initial&#8220; background_position=&#8220;top_left&#8220; background_repeat=&#8220;repeat&#8220; hover_enabled=&#8220;0&#8243; global_colors_info=&#8220;{}&#8220; column_structure=&#8220;2_3,1_3&#8243; max_width=&#8220;80%&#8220; sticky_enabled=&#8220;0&#8243;][et_pb_column type=&#8220;2_3&#8243; _builder_version=&#8220;4.16&#8243; custom_padding=&#8220;|||&#8220; global_colors_info=&#8220;{}&#8220; custom_padding__hover=&#8220;|||&#8220;][et_pb_wc_cart_notice _builder_version=&#8220;4.20.2&#8243; hover_enabled=&#8220;0&#8243; global_colors_info=&#8220;{}&#8220; background_color=&#8220;#97D700&#8243; sticky_enabled=&#8220;0&#8243; custom_button=&#8220;on&#8220; button_text_color=&#8220;#97D700&#8243;][\/et_pb_wc_cart_notice][et_pb_wc_cart_products _builder_version=&#8220;4.20.2&#8243; hover_enabled=&#8220;0&#8243; global_colors_info=&#8220;{}&#8220; background_enable_color=&#8220;off&#8220; sticky_enabled=&#8220;0&#8243; custom_button=&#8220;on&#8220; button_text_color=&#8220;#97D700&#8243;][\/et_pb_wc_cart_products][\/et_pb_column][et_pb_column type=&#8220;1_3&#8243; _builder_version=&#8220;4.16&#8243; custom_padding=&#8220;|||&#8220; global_colors_info=&#8220;{}&#8220; custom_padding__hover=&#8220;|||&#8220;][et_pb_wc_cart_totals _builder_version=&#8220;4.20.2&#8243; hover_enabled=&#8220;0&#8243; global_colors_info=&#8220;{}&#8220; sticky_position=&#8220;top&#8220; sticky_limit_bottom=&#8220;section&#8220; sticky_enabled=&#8220;0&#8243; custom_button=&#8220;on&#8220; button_text_color=&#8220;#97D700&#8243; button_border_color=&#8220;#97D700&#8243;][\/et_pb_wc_cart_totals][\/et_pb_column][\/et_pb_row][\/et_pb_section]<\/p>\n","protected":false},"excerpt":{"rendered":"","protected":false},"author":1,"featured_media":0,"parent":0,"menu_order":0,"comment_status":"closed","ping_status":"closed","template":"","meta":{"_et_pb_use_builder":"on","_et_pb_old_content":"","_et_gb_content_width":"","inline_featured_image":false,"footnotes":""},"class_list":["post-2584","page","type-page","status-publish","hentry"],"yoast_head":"<!-- This site is optimized with the Yoast SEO plugin v27.3 - https:\/\/yoast.com\/product\/yoast-seo-wordpress\/ -->\n<title>Einkaufswagen - Villa Manaaki<\/title>\n<meta name=\"robots\" content=\"noindex, follow\" \/>\n<meta property=\"og:locale\" content=\"de_DE\" \/>\n<meta property=\"og:type\" content=\"article\" \/>\n<meta property=\"og:title\" content=\"Einkaufswagen - Villa Manaaki\" \/>\n<meta property=\"og:url\" content=\"https:\/\/www.villa-manaaki.com\/de\/einkaufswagen\/\" \/>\n<meta property=\"og:site_name\" content=\"Villa Manaaki\" \/>\n<meta property=\"article:modified_time\" content=\"2024-06-10T14:19:35+00:00\" \/>\n<meta name=\"twitter:card\" content=\"summary_large_image\" \/>\n<meta name=\"twitter:label1\" content=\"Gesch\u00e4tzte Lesezeit\" \/>\n\t<meta name=\"twitter:data1\" content=\"1\u00a0Minute\" \/>\n<script type=\"application\/ld+json\" class=\"yoast-schema-graph\">{\"@context\":\"https:\\\/\\\/schema.org\",\"@graph\":[{\"@type\":\"WebPage\",\"@id\":\"https:\\\/\\\/www.villa-manaaki.com\\\/de\\\/einkaufswagen\\\/\",\"url\":\"https:\\\/\\\/www.villa-manaaki.com\\\/de\\\/einkaufswagen\\\/\",\"name\":\"Einkaufswagen - Villa Manaaki\",\"isPartOf\":{\"@id\":\"https:\\\/\\\/www.villa-manaaki.com\\\/de\\\/#website\"},\"datePublished\":\"2023-06-15T03:34:14+00:00\",\"dateModified\":\"2024-06-10T14:19:35+00:00\",\"breadcrumb\":{\"@id\":\"https:\\\/\\\/www.villa-manaaki.com\\\/de\\\/einkaufswagen\\\/#breadcrumb\"},\"inLanguage\":\"de\",\"potentialAction\":[{\"@type\":\"ReadAction\",\"target\":[\"https:\\\/\\\/www.villa-manaaki.com\\\/de\\\/einkaufswagen\\\/\"]}]},{\"@type\":\"BreadcrumbList\",\"@id\":\"https:\\\/\\\/www.villa-manaaki.com\\\/de\\\/einkaufswagen\\\/#breadcrumb\",\"itemListElement\":[{\"@type\":\"ListItem\",\"position\":1,\"name\":\"Accueil\",\"item\":\"https:\\\/\\\/www.villa-manaaki.com\\\/de\\\/\"},{\"@type\":\"ListItem\",\"position\":2,\"name\":\"Einkaufswagen\"}]},{\"@type\":\"WebSite\",\"@id\":\"https:\\\/\\\/www.villa-manaaki.com\\\/de\\\/#website\",\"url\":\"https:\\\/\\\/www.villa-manaaki.com\\\/de\\\/\",\"name\":\"Villa Manaaki\",\"description\":\"Chambres d\u2019h\u00f4tes de charme \u00e0 Saint-Paul (La R\u00e9union)\",\"publisher\":{\"@id\":\"https:\\\/\\\/www.villa-manaaki.com\\\/de\\\/#organization\"},\"potentialAction\":[{\"@type\":\"SearchAction\",\"target\":{\"@type\":\"EntryPoint\",\"urlTemplate\":\"https:\\\/\\\/www.villa-manaaki.com\\\/de\\\/?s={search_term_string}\"},\"query-input\":{\"@type\":\"PropertyValueSpecification\",\"valueRequired\":true,\"valueName\":\"search_term_string\"}}],\"inLanguage\":\"de\"},{\"@type\":\"Organization\",\"@id\":\"https:\\\/\\\/www.villa-manaaki.com\\\/de\\\/#organization\",\"name\":\"Villa Manaaki\",\"url\":\"https:\\\/\\\/www.villa-manaaki.com\\\/de\\\/\",\"logo\":{\"@type\":\"ImageObject\",\"inLanguage\":\"de\",\"@id\":\"https:\\\/\\\/www.villa-manaaki.com\\\/de\\\/#\\\/schema\\\/logo\\\/image\\\/\",\"url\":\"https:\\\/\\\/www.villa-manaaki.com\\\/wp-content\\\/uploads\\\/2023\\\/03\\\/LOGO.webp\",\"contentUrl\":\"https:\\\/\\\/www.villa-manaaki.com\\\/wp-content\\\/uploads\\\/2023\\\/03\\\/LOGO.webp\",\"width\":899,\"height\":446,\"caption\":\"Villa Manaaki\"},\"image\":{\"@id\":\"https:\\\/\\\/www.villa-manaaki.com\\\/de\\\/#\\\/schema\\\/logo\\\/image\\\/\"}}]}<\/script>\n<!-- \/ Yoast SEO plugin. -->","yoast_head_json":{"title":"Einkaufswagen - Villa Manaaki","robots":{"index":"noindex","follow":"follow"},"og_locale":"de_DE","og_type":"article","og_title":"Einkaufswagen - Villa Manaaki","og_url":"https:\/\/www.villa-manaaki.com\/de\/einkaufswagen\/","og_site_name":"Villa Manaaki","article_modified_time":"2024-06-10T14:19:35+00:00","twitter_card":"summary_large_image","twitter_misc":{"Gesch\u00e4tzte Lesezeit":"1\u00a0Minute"},"schema":{"@context":"https:\/\/schema.org","@graph":[{"@type":"WebPage","@id":"https:\/\/www.villa-manaaki.com\/de\/einkaufswagen\/","url":"https:\/\/www.villa-manaaki.com\/de\/einkaufswagen\/","name":"Einkaufswagen - Villa Manaaki","isPartOf":{"@id":"https:\/\/www.villa-manaaki.com\/de\/#website"},"datePublished":"2023-06-15T03:34:14+00:00","dateModified":"2024-06-10T14:19:35+00:00","breadcrumb":{"@id":"https:\/\/www.villa-manaaki.com\/de\/einkaufswagen\/#breadcrumb"},"inLanguage":"de","potentialAction":[{"@type":"ReadAction","target":["https:\/\/www.villa-manaaki.com\/de\/einkaufswagen\/"]}]},{"@type":"BreadcrumbList","@id":"https:\/\/www.villa-manaaki.com\/de\/einkaufswagen\/#breadcrumb","itemListElement":[{"@type":"ListItem","position":1,"name":"Accueil","item":"https:\/\/www.villa-manaaki.com\/de\/"},{"@type":"ListItem","position":2,"name":"Einkaufswagen"}]},{"@type":"WebSite","@id":"https:\/\/www.villa-manaaki.com\/de\/#website","url":"https:\/\/www.villa-manaaki.com\/de\/","name":"Villa Manaaki","description":"Chambres d\u2019h\u00f4tes de charme \u00e0 Saint-Paul (La R\u00e9union)","publisher":{"@id":"https:\/\/www.villa-manaaki.com\/de\/#organization"},"potentialAction":[{"@type":"SearchAction","target":{"@type":"EntryPoint","urlTemplate":"https:\/\/www.villa-manaaki.com\/de\/?s={search_term_string}"},"query-input":{"@type":"PropertyValueSpecification","valueRequired":true,"valueName":"search_term_string"}}],"inLanguage":"de"},{"@type":"Organization","@id":"https:\/\/www.villa-manaaki.com\/de\/#organization","name":"Villa Manaaki","url":"https:\/\/www.villa-manaaki.com\/de\/","logo":{"@type":"ImageObject","inLanguage":"de","@id":"https:\/\/www.villa-manaaki.com\/de\/#\/schema\/logo\/image\/","url":"https:\/\/www.villa-manaaki.com\/wp-content\/uploads\/2023\/03\/LOGO.webp","contentUrl":"https:\/\/www.villa-manaaki.com\/wp-content\/uploads\/2023\/03\/LOGO.webp","width":899,"height":446,"caption":"Villa Manaaki"},"image":{"@id":"https:\/\/www.villa-manaaki.com\/de\/#\/schema\/logo\/image\/"}}]}},"_links":{"self":[{"href":"https:\/\/www.villa-manaaki.com\/de\/wp-json\/wp\/v2\/pages\/2584","targetHints":{"allow":["GET"]}}],"collection":[{"href":"https:\/\/www.villa-manaaki.com\/de\/wp-json\/wp\/v2\/pages"}],"about":[{"href":"https:\/\/www.villa-manaaki.com\/de\/wp-json\/wp\/v2\/types\/page"}],"author":[{"embeddable":true,"href":"https:\/\/www.villa-manaaki.com\/de\/wp-json\/wp\/v2\/users\/1"}],"replies":[{"embeddable":true,"href":"https:\/\/www.villa-manaaki.com\/de\/wp-json\/wp\/v2\/comments?post=2584"}],"version-history":[{"count":1,"href":"https:\/\/www.villa-manaaki.com\/de\/wp-json\/wp\/v2\/pages\/2584\/revisions"}],"predecessor-version":[{"id":2585,"href":"https:\/\/www.villa-manaaki.com\/de\/wp-json\/wp\/v2\/pages\/2584\/revisions\/2585"}],"wp:attachment":[{"href":"https:\/\/www.villa-manaaki.com\/de\/wp-json\/wp\/v2\/media?parent=2584"}],"curies":[{"name":"wp","href":"https:\/\/api.w.org\/{rel}","templated":true}]}}