{"id":2590,"date":"2023-06-15T07:34:14","date_gmt":"2023-06-15T03:34:14","guid":{"rendered":"https:\/\/www.villa-manaaki.com\/carrito\/"},"modified":"2024-06-10T18:19:35","modified_gmt":"2024-06-10T14:19:35","slug":"carrito","status":"publish","type":"page","link":"https:\/\/www.villa-manaaki.com\/es\/carrito\/","title":{"rendered":"Carrito"},"content":{"rendered":"<p>[et_pb_section fb_built=\u00bb1&#8243; _builder_version=\u00bb4.16&#8243; global_colors_info=\u00bb{}\u00bb][et_pb_row _builder_version=\u00bb4.20.2&#8243; _module_preset=\u00bbdefault\u00bb max_width=\u00bb80%\u00bb hover_enabled=\u00bb0&#8243; sticky_enabled=\u00bb0&#8243;][et_pb_column _builder_version=\u00bb4.20.2&#8243; _module_preset=\u00bbdefault\u00bb type=\u00bb4_4&#8243;][et_pb_post_title meta=\u00bboff\u00bb featured_image=\u00bboff\u00bb _builder_version=\u00bb4.20.2&#8243; hover_enabled=\u00bb0&#8243; global_colors_info=\u00bb{}\u00bb title_font=\u00bbUbuntu||||||||\u00bb title_font_size=\u00bb59px\u00bb title_text_color=\u00bb#97D700&#8243; title_text_align=\u00bbcenter\u00bb title_text=\u00bbfond titre\u00bb background_image=\u00bbhttps:\/\/www.villa-manaaki.com\/wp-content\/uploads\/2023\/06\/fond-titre.webp\u00bb background_size=\u00bbcontain\u00bb use_background_color_gradient=\u00bbon\u00bb background_color_gradient_stops=\u00bbrgba(255,255,255,0.59) 0%|rgba(255,255,255,0.59) 100%\u00bb background_color_gradient_overlays_image=\u00bbon\u00bb sticky_enabled=\u00bb0&#8243;][\/et_pb_post_title][\/et_pb_column][\/et_pb_row][et_pb_row _builder_version=\u00bb4.20.2&#8243; background_size=\u00bbinitial\u00bb background_position=\u00bbtop_left\u00bb background_repeat=\u00bbrepeat\u00bb hover_enabled=\u00bb0&#8243; global_colors_info=\u00bb{}\u00bb column_structure=\u00bb2_3,1_3&#8243; max_width=\u00bb80%\u00bb sticky_enabled=\u00bb0&#8243;][et_pb_column type=\u00bb2_3&#8243; _builder_version=\u00bb4.16&#8243; custom_padding=\u00bb|||\u00bb global_colors_info=\u00bb{}\u00bb custom_padding__hover=\u00bb|||\u00bb][et_pb_wc_cart_notice _builder_version=\u00bb4.20.2&#8243; hover_enabled=\u00bb0&#8243; global_colors_info=\u00bb{}\u00bb background_color=\u00bb#97D700&#8243; sticky_enabled=\u00bb0&#8243; custom_button=\u00bbon\u00bb button_text_color=\u00bb#97D700&#8243;][\/et_pb_wc_cart_notice][et_pb_wc_cart_products _builder_version=\u00bb4.20.2&#8243; hover_enabled=\u00bb0&#8243; global_colors_info=\u00bb{}\u00bb background_enable_color=\u00bboff\u00bb sticky_enabled=\u00bb0&#8243; custom_button=\u00bbon\u00bb button_text_color=\u00bb#97D700&#8243;][\/et_pb_wc_cart_products][\/et_pb_column][et_pb_column type=\u00bb1_3&#8243; _builder_version=\u00bb4.16&#8243; custom_padding=\u00bb|||\u00bb global_colors_info=\u00bb{}\u00bb custom_padding__hover=\u00bb|||\u00bb][et_pb_wc_cart_totals _builder_version=\u00bb4.20.2&#8243; hover_enabled=\u00bb0&#8243; global_colors_info=\u00bb{}\u00bb sticky_position=\u00bbtop\u00bb sticky_limit_bottom=\u00bbsection\u00bb sticky_enabled=\u00bb0&#8243; custom_button=\u00bbon\u00bb button_text_color=\u00bb#97D700&#8243; button_border_color=\u00bb#97D700&#8243;][\/et_pb_wc_cart_totals][\/et_pb_column][\/et_pb_row][\/et_pb_section]<\/p>\n","protected":false},"excerpt":{"rendered":"","protected":false},"author":1,"featured_media":0,"parent":0,"menu_order":0,"comment_status":"closed","ping_status":"closed","template":"","meta":{"_et_pb_use_builder":"on","_et_pb_old_content":"","_et_gb_content_width":"","inline_featured_image":false,"footnotes":""},"class_list":["post-2590","page","type-page","status-publish","hentry"],"yoast_head":"<!-- This site is optimized with the Yoast SEO plugin v27.3 - https:\/\/yoast.com\/product\/yoast-seo-wordpress\/ -->\n<title>Carrito - Villa Manaaki<\/title>\n<meta name=\"robots\" content=\"noindex, follow\" \/>\n<meta property=\"og:locale\" content=\"es_ES\" \/>\n<meta property=\"og:type\" content=\"article\" \/>\n<meta property=\"og:title\" content=\"Carrito - Villa Manaaki\" \/>\n<meta property=\"og:url\" content=\"https:\/\/www.villa-manaaki.com\/es\/carrito\/\" \/>\n<meta property=\"og:site_name\" content=\"Villa Manaaki\" \/>\n<meta property=\"article:modified_time\" content=\"2024-06-10T14:19:35+00:00\" \/>\n<meta name=\"twitter:card\" content=\"summary_large_image\" \/>\n<meta name=\"twitter:label1\" content=\"Tiempo de lectura\" \/>\n\t<meta name=\"twitter:data1\" content=\"1 minuto\" \/>\n<script type=\"application\/ld+json\" class=\"yoast-schema-graph\">{\"@context\":\"https:\\\/\\\/schema.org\",\"@graph\":[{\"@type\":\"WebPage\",\"@id\":\"https:\\\/\\\/www.villa-manaaki.com\\\/es\\\/carrito\\\/\",\"url\":\"https:\\\/\\\/www.villa-manaaki.com\\\/es\\\/carrito\\\/\",\"name\":\"Carrito - Villa Manaaki\",\"isPartOf\":{\"@id\":\"https:\\\/\\\/www.villa-manaaki.com\\\/es\\\/#website\"},\"datePublished\":\"2023-06-15T03:34:14+00:00\",\"dateModified\":\"2024-06-10T14:19:35+00:00\",\"breadcrumb\":{\"@id\":\"https:\\\/\\\/www.villa-manaaki.com\\\/es\\\/carrito\\\/#breadcrumb\"},\"inLanguage\":\"es\",\"potentialAction\":[{\"@type\":\"ReadAction\",\"target\":[\"https:\\\/\\\/www.villa-manaaki.com\\\/es\\\/carrito\\\/\"]}]},{\"@type\":\"BreadcrumbList\",\"@id\":\"https:\\\/\\\/www.villa-manaaki.com\\\/es\\\/carrito\\\/#breadcrumb\",\"itemListElement\":[{\"@type\":\"ListItem\",\"position\":1,\"name\":\"Accueil\",\"item\":\"https:\\\/\\\/www.villa-manaaki.com\\\/es\\\/\"},{\"@type\":\"ListItem\",\"position\":2,\"name\":\"Carrito\"}]},{\"@type\":\"WebSite\",\"@id\":\"https:\\\/\\\/www.villa-manaaki.com\\\/es\\\/#website\",\"url\":\"https:\\\/\\\/www.villa-manaaki.com\\\/es\\\/\",\"name\":\"Villa Manaaki\",\"description\":\"Chambres d\u2019h\u00f4tes de charme \u00e0 Saint-Paul (La R\u00e9union)\",\"publisher\":{\"@id\":\"https:\\\/\\\/www.villa-manaaki.com\\\/es\\\/#organization\"},\"potentialAction\":[{\"@type\":\"SearchAction\",\"target\":{\"@type\":\"EntryPoint\",\"urlTemplate\":\"https:\\\/\\\/www.villa-manaaki.com\\\/es\\\/?s={search_term_string}\"},\"query-input\":{\"@type\":\"PropertyValueSpecification\",\"valueRequired\":true,\"valueName\":\"search_term_string\"}}],\"inLanguage\":\"es\"},{\"@type\":\"Organization\",\"@id\":\"https:\\\/\\\/www.villa-manaaki.com\\\/es\\\/#organization\",\"name\":\"Villa Manaaki\",\"url\":\"https:\\\/\\\/www.villa-manaaki.com\\\/es\\\/\",\"logo\":{\"@type\":\"ImageObject\",\"inLanguage\":\"es\",\"@id\":\"https:\\\/\\\/www.villa-manaaki.com\\\/es\\\/#\\\/schema\\\/logo\\\/image\\\/\",\"url\":\"https:\\\/\\\/www.villa-manaaki.com\\\/wp-content\\\/uploads\\\/2023\\\/03\\\/LOGO.webp\",\"contentUrl\":\"https:\\\/\\\/www.villa-manaaki.com\\\/wp-content\\\/uploads\\\/2023\\\/03\\\/LOGO.webp\",\"width\":899,\"height\":446,\"caption\":\"Villa Manaaki\"},\"image\":{\"@id\":\"https:\\\/\\\/www.villa-manaaki.com\\\/es\\\/#\\\/schema\\\/logo\\\/image\\\/\"}}]}<\/script>\n<!-- \/ Yoast SEO plugin. -->","yoast_head_json":{"title":"Carrito - Villa Manaaki","robots":{"index":"noindex","follow":"follow"},"og_locale":"es_ES","og_type":"article","og_title":"Carrito - Villa Manaaki","og_url":"https:\/\/www.villa-manaaki.com\/es\/carrito\/","og_site_name":"Villa Manaaki","article_modified_time":"2024-06-10T14:19:35+00:00","twitter_card":"summary_large_image","twitter_misc":{"Tiempo de lectura":"1 minuto"},"schema":{"@context":"https:\/\/schema.org","@graph":[{"@type":"WebPage","@id":"https:\/\/www.villa-manaaki.com\/es\/carrito\/","url":"https:\/\/www.villa-manaaki.com\/es\/carrito\/","name":"Carrito - Villa Manaaki","isPartOf":{"@id":"https:\/\/www.villa-manaaki.com\/es\/#website"},"datePublished":"2023-06-15T03:34:14+00:00","dateModified":"2024-06-10T14:19:35+00:00","breadcrumb":{"@id":"https:\/\/www.villa-manaaki.com\/es\/carrito\/#breadcrumb"},"inLanguage":"es","potentialAction":[{"@type":"ReadAction","target":["https:\/\/www.villa-manaaki.com\/es\/carrito\/"]}]},{"@type":"BreadcrumbList","@id":"https:\/\/www.villa-manaaki.com\/es\/carrito\/#breadcrumb","itemListElement":[{"@type":"ListItem","position":1,"name":"Accueil","item":"https:\/\/www.villa-manaaki.com\/es\/"},{"@type":"ListItem","position":2,"name":"Carrito"}]},{"@type":"WebSite","@id":"https:\/\/www.villa-manaaki.com\/es\/#website","url":"https:\/\/www.villa-manaaki.com\/es\/","name":"Villa Manaaki","description":"Chambres d\u2019h\u00f4tes de charme \u00e0 Saint-Paul (La R\u00e9union)","publisher":{"@id":"https:\/\/www.villa-manaaki.com\/es\/#organization"},"potentialAction":[{"@type":"SearchAction","target":{"@type":"EntryPoint","urlTemplate":"https:\/\/www.villa-manaaki.com\/es\/?s={search_term_string}"},"query-input":{"@type":"PropertyValueSpecification","valueRequired":true,"valueName":"search_term_string"}}],"inLanguage":"es"},{"@type":"Organization","@id":"https:\/\/www.villa-manaaki.com\/es\/#organization","name":"Villa Manaaki","url":"https:\/\/www.villa-manaaki.com\/es\/","logo":{"@type":"ImageObject","inLanguage":"es","@id":"https:\/\/www.villa-manaaki.com\/es\/#\/schema\/logo\/image\/","url":"https:\/\/www.villa-manaaki.com\/wp-content\/uploads\/2023\/03\/LOGO.webp","contentUrl":"https:\/\/www.villa-manaaki.com\/wp-content\/uploads\/2023\/03\/LOGO.webp","width":899,"height":446,"caption":"Villa Manaaki"},"image":{"@id":"https:\/\/www.villa-manaaki.com\/es\/#\/schema\/logo\/image\/"}}]}},"_links":{"self":[{"href":"https:\/\/www.villa-manaaki.com\/es\/wp-json\/wp\/v2\/pages\/2590","targetHints":{"allow":["GET"]}}],"collection":[{"href":"https:\/\/www.villa-manaaki.com\/es\/wp-json\/wp\/v2\/pages"}],"about":[{"href":"https:\/\/www.villa-manaaki.com\/es\/wp-json\/wp\/v2\/types\/page"}],"author":[{"embeddable":true,"href":"https:\/\/www.villa-manaaki.com\/es\/wp-json\/wp\/v2\/users\/1"}],"replies":[{"embeddable":true,"href":"https:\/\/www.villa-manaaki.com\/es\/wp-json\/wp\/v2\/comments?post=2590"}],"version-history":[{"count":1,"href":"https:\/\/www.villa-manaaki.com\/es\/wp-json\/wp\/v2\/pages\/2590\/revisions"}],"predecessor-version":[{"id":2591,"href":"https:\/\/www.villa-manaaki.com\/es\/wp-json\/wp\/v2\/pages\/2590\/revisions\/2591"}],"wp:attachment":[{"href":"https:\/\/www.villa-manaaki.com\/es\/wp-json\/wp\/v2\/media?parent=2590"}],"curies":[{"name":"wp","href":"https:\/\/api.w.org\/{rel}","templated":true}]}}